{"id":37,"date":"2016-06-05T06:16:38","date_gmt":"2016-06-05T06:16:38","guid":{"rendered":"http:\/\/armonia-villa.gr\/?page_id=35"},"modified":"2023-10-24T06:42:32","modified_gmt":"2023-10-24T06:42:32","slug":"philosophy","status":"publish","type":"page","link":"https:\/\/armonia-villa.gr\/de\/philosophy\/","title":{"rendered":"Unsere Philosophy"},"content":{"rendered":"<p>Ideales Urlaubsziel das ganze Jahr \u00fcber, f\u00fcr Familien mit Kindern geeignet, da das Haus \u00fcber einen gepflegten Garten mit Zaun verf\u00fcgt, wo die Kinder in Sicherheit spielen k\u00f6nnen. Allerdings ist das Haus auch f\u00fcr Freunde und kleinen Gruppen geeignet, da die Lage f\u00fcr Ausfl\u00fcge in die <strong>Natur<\/strong> und zum <strong>Wandern<\/strong> ideal ist.<\/p>\n<p>Das Ferienhaus <strong>Villa Armonia Boutique Living<\/strong> ist umweltbewusst ausgestattet :<\/p>\n<p>&#8211; <strong>Die  Desinfektion des Pools wird durch schonend mit Salz durchgef\u00fchrt<\/strong><\/p>\n<p>&#8211; TV (LED) weniger Stromverbrauch<\/p>\n<p>&#8211; Das warme Wasser wird durch Solaranlage und W\u00e4rmepumpe erzeugt<\/p>\n<p>&#8211; Klimaanlage moderne Technologie<\/p>\n<p>&#8211; <strong>Jacuzzi<\/strong> mit Sauerstoff<\/p>\n<p>&#8211; Umweltfreundliches Toilettenpapier <\/p>\n<p>&#8211; M\u00fclltrennung von Altpapier, Plastik und Metall , Beh\u00e4lter stehen zur Verf\u00fcgung<\/p>\n<p>\u2013 Bettw\u00e4sche werden alle 7 Tage gewechselt.<\/p>\n<p>&#8211; Umweltfreundliche Putzmittel<\/p>\n<p>&#8211; Energie sparsame Gl\u00fchbirnen<\/p>\n<p>&#8211; Endemische Pflanzen im Garten <\/p>\n<p>&#8211; F\u00fcr die Beleuchtung am Abend verf\u00fcgen wir im Au\u00dfenbereich Lichtsensoren und Zeitschalter<\/p>\n<p><\/p>","protected":false},"excerpt":{"rendered":"<p>Ideales Urlaubsziel das ganze Jahr \u00fcber, f\u00fcr Familien mit Kindern geeignet, da das Haus \u00fcber einen gepflegten Garten mit Zaun verf\u00fcgt, wo die Kinder in Sicherheit spielen k\u00f6nnen. Allerdings ist das Haus auch f\u00fcr Freunde und kleinen Gruppen geeignet, da die Lage f\u00fcr Ausfl\u00fcge in die Natur und zum Wandern ideal ist. Das Ferienhaus Villa [&hellip;]<\/p>\n","protected":false},"author":1,"featured_media":0,"parent":0,"menu_order":0,"comment_status":"closed","ping_status":"closed","template":"template-fullwidth.php","meta":{"footnotes":""},"class_list":["post-37","page","type-page","status-publish","hentry"],"yoast_head":"<!-- This site is optimized with the Yoast SEO plugin v27.1.1 - https:\/\/yoast.com\/product\/yoast-seo-wordpress\/ -->\n<title>Vila Armonia, Drakona, Keramia, Chania - Our philosophy<\/title>\n<meta name=\"description\" content=\"An ideal destination for your vacation throughout the year with the best options for a family. It has a tidy fenced yard so children can play safely.\" \/>\n<meta name=\"robots\" content=\"index, follow, max-snippet:-1, max-image-preview:large, max-video-preview:-1\" \/>\n<link rel=\"canonical\" href=\"https:\/\/armonia-villa.gr\/en\/philosophy\/\" \/>\n<meta property=\"og:locale\" content=\"de_DE\" \/>\n<meta property=\"og:type\" content=\"article\" \/>\n<meta property=\"og:title\" content=\"Vila Armonia, Drakona, Keramia, Chania - Our philosophy\" \/>\n<meta property=\"og:description\" content=\"An ideal destination for your vacation throughout the year with the best options for a family. It has a tidy fenced yard so children can play safely.\" \/>\n<meta property=\"og:url\" content=\"https:\/\/armonia-villa.gr\/en\/philosophy\/\" \/>\n<meta property=\"og:site_name\" content=\"Villa Armonia\" \/>\n<meta property=\"article:publisher\" content=\"https:\/\/www.facebook.com\/Villa-Armonia-Boutique-Living-787949948002412\/\" \/>\n<meta property=\"article:modified_time\" content=\"2023-10-24T06:42:32+00:00\" \/>\n<meta name=\"twitter:card\" content=\"summary_large_image\" \/>\n<meta name=\"twitter:label1\" content=\"Gesch\u00e4tzte Lesezeit\" \/>\n\t<meta name=\"twitter:data1\" content=\"5\u00a0Minuten\" \/>\n<script type=\"application\/ld+json\" class=\"yoast-schema-graph\">{\"@context\":\"https:\/\/schema.org\",\"@graph\":[{\"@type\":\"WebPage\",\"@id\":\"https:\/\/armonia-villa.gr\/en\/philosophy\/\",\"url\":\"https:\/\/armonia-villa.gr\/en\/philosophy\/\",\"name\":\"Vila Armonia, Drakona, Keramia, Chania - Our philosophy\",\"isPartOf\":{\"@id\":\"http:\/\/armonia-villa.gr\/#website\"},\"datePublished\":\"2016-06-05T06:16:38+00:00\",\"dateModified\":\"2023-10-24T06:42:32+00:00\",\"description\":\"An ideal destination for your vacation throughout the year with the best options for a family. It has a tidy fenced yard so children can play safely.\",\"breadcrumb\":{\"@id\":\"https:\/\/armonia-villa.gr\/en\/philosophy\/#breadcrumb\"},\"inLanguage\":\"de\",\"potentialAction\":[{\"@type\":\"ReadAction\",\"target\":[\"https:\/\/armonia-villa.gr\/en\/philosophy\/\"]}]},{\"@type\":\"BreadcrumbList\",\"@id\":\"https:\/\/armonia-villa.gr\/en\/philosophy\/#breadcrumb\",\"itemListElement\":[{\"@type\":\"ListItem\",\"position\":1,\"name\":\"Home\",\"item\":\"http:\/\/armonia-villa.gr\/\"},{\"@type\":\"ListItem\",\"position\":2,\"name\":\"Our philosophy\"}]},{\"@type\":\"WebSite\",\"@id\":\"http:\/\/armonia-villa.gr\/#website\",\"url\":\"http:\/\/armonia-villa.gr\/\",\"name\":\"Villa Armonia\",\"description\":\"Boutique Living\",\"publisher\":{\"@id\":\"http:\/\/armonia-villa.gr\/#organization\"},\"potentialAction\":[{\"@type\":\"SearchAction\",\"target\":{\"@type\":\"EntryPoint\",\"urlTemplate\":\"http:\/\/armonia-villa.gr\/?s={search_term_string}\"},\"query-input\":{\"@type\":\"PropertyValueSpecification\",\"valueRequired\":true,\"valueName\":\"search_term_string\"}}],\"inLanguage\":\"de\"},{\"@type\":\"Organization\",\"@id\":\"http:\/\/armonia-villa.gr\/#organization\",\"name\":\"Villa Armonia boutique living\",\"url\":\"http:\/\/armonia-villa.gr\/\",\"logo\":{\"@type\":\"ImageObject\",\"inLanguage\":\"de\",\"@id\":\"http:\/\/armonia-villa.gr\/#\/schema\/logo\/image\/\",\"url\":\"https:\/\/armonia-villa.gr\/wp-content\/uploads\/2016\/06\/armonia_logo-1.png\",\"contentUrl\":\"https:\/\/armonia-villa.gr\/wp-content\/uploads\/2016\/06\/armonia_logo-1.png\",\"width\":300,\"height\":274,\"caption\":\"Villa Armonia boutique living\"},\"image\":{\"@id\":\"http:\/\/armonia-villa.gr\/#\/schema\/logo\/image\/\"},\"sameAs\":[\"https:\/\/www.facebook.com\/Villa-Armonia-Boutique-Living-787949948002412\/\"]}]}<\/script>\n<!-- \/ Yoast SEO plugin. -->","yoast_head_json":{"title":"Vila Armonia, Drakona, Keramia, Chania - Our philosophy","description":"An ideal destination for your vacation throughout the year with the best options for a family. It has a tidy fenced yard so children can play safely.","robots":{"index":"index","follow":"follow","max-snippet":"max-snippet:-1","max-image-preview":"max-image-preview:large","max-video-preview":"max-video-preview:-1"},"canonical":"https:\/\/armonia-villa.gr\/en\/philosophy\/","og_locale":"de_DE","og_type":"article","og_title":"Vila Armonia, Drakona, Keramia, Chania - Our philosophy","og_description":"An ideal destination for your vacation throughout the year with the best options for a family. It has a tidy fenced yard so children can play safely.","og_url":"https:\/\/armonia-villa.gr\/en\/philosophy\/","og_site_name":"Villa Armonia","article_publisher":"https:\/\/www.facebook.com\/Villa-Armonia-Boutique-Living-787949948002412\/","article_modified_time":"2023-10-24T06:42:32+00:00","twitter_card":"summary_large_image","twitter_misc":{"Gesch\u00e4tzte Lesezeit":"5\u00a0Minuten"},"schema":{"@context":"https:\/\/schema.org","@graph":[{"@type":"WebPage","@id":"https:\/\/armonia-villa.gr\/en\/philosophy\/","url":"https:\/\/armonia-villa.gr\/en\/philosophy\/","name":"Vila Armonia, Drakona, Keramia, Chania - Our philosophy","isPartOf":{"@id":"http:\/\/armonia-villa.gr\/#website"},"datePublished":"2016-06-05T06:16:38+00:00","dateModified":"2023-10-24T06:42:32+00:00","description":"An ideal destination for your vacation throughout the year with the best options for a family. It has a tidy fenced yard so children can play safely.","breadcrumb":{"@id":"https:\/\/armonia-villa.gr\/en\/philosophy\/#breadcrumb"},"inLanguage":"de","potentialAction":[{"@type":"ReadAction","target":["https:\/\/armonia-villa.gr\/en\/philosophy\/"]}]},{"@type":"BreadcrumbList","@id":"https:\/\/armonia-villa.gr\/en\/philosophy\/#breadcrumb","itemListElement":[{"@type":"ListItem","position":1,"name":"Home","item":"http:\/\/armonia-villa.gr\/"},{"@type":"ListItem","position":2,"name":"Our philosophy"}]},{"@type":"WebSite","@id":"http:\/\/armonia-villa.gr\/#website","url":"http:\/\/armonia-villa.gr\/","name":"Villa Armonia","description":"Boutique Living","publisher":{"@id":"http:\/\/armonia-villa.gr\/#organization"},"potentialAction":[{"@type":"SearchAction","target":{"@type":"EntryPoint","urlTemplate":"http:\/\/armonia-villa.gr\/?s={search_term_string}"},"query-input":{"@type":"PropertyValueSpecification","valueRequired":true,"valueName":"search_term_string"}}],"inLanguage":"de"},{"@type":"Organization","@id":"http:\/\/armonia-villa.gr\/#organization","name":"Villa Armonia boutique living","url":"http:\/\/armonia-villa.gr\/","logo":{"@type":"ImageObject","inLanguage":"de","@id":"http:\/\/armonia-villa.gr\/#\/schema\/logo\/image\/","url":"https:\/\/armonia-villa.gr\/wp-content\/uploads\/2016\/06\/armonia_logo-1.png","contentUrl":"https:\/\/armonia-villa.gr\/wp-content\/uploads\/2016\/06\/armonia_logo-1.png","width":300,"height":274,"caption":"Villa Armonia boutique living"},"image":{"@id":"http:\/\/armonia-villa.gr\/#\/schema\/logo\/image\/"},"sameAs":["https:\/\/www.facebook.com\/Villa-Armonia-Boutique-Living-787949948002412\/"]}]}},"_links":{"self":[{"href":"https:\/\/armonia-villa.gr\/de\/wp-json\/wp\/v2\/pages\/37","targetHints":{"allow":["GET"]}}],"collection":[{"href":"https:\/\/armonia-villa.gr\/de\/wp-json\/wp\/v2\/pages"}],"about":[{"href":"https:\/\/armonia-villa.gr\/de\/wp-json\/wp\/v2\/types\/page"}],"author":[{"embeddable":true,"href":"https:\/\/armonia-villa.gr\/de\/wp-json\/wp\/v2\/users\/1"}],"replies":[{"embeddable":true,"href":"https:\/\/armonia-villa.gr\/de\/wp-json\/wp\/v2\/comments?post=37"}],"version-history":[{"count":20,"href":"https:\/\/armonia-villa.gr\/de\/wp-json\/wp\/v2\/pages\/37\/revisions"}],"predecessor-version":[{"id":689,"href":"https:\/\/armonia-villa.gr\/de\/wp-json\/wp\/v2\/pages\/37\/revisions\/689"}],"wp:attachment":[{"href":"https:\/\/armonia-villa.gr\/de\/wp-json\/wp\/v2\/media?parent=37"}],"curies":[{"name":"wp","href":"https:\/\/api.w.org\/{rel}","templated":true}]}}