{"id":422,"date":"2018-09-25T06:18:57","date_gmt":"2018-09-25T06:18:57","guid":{"rendered":"http:\/\/armonia-villa.gr\/testing\/?page_id=24"},"modified":"2024-02-27T10:28:40","modified_gmt":"2024-02-27T10:28:40","slug":"at-the-foot-of-the-white-mountains-of-chania-at-an-altitude-of-499m-and-just-20-km-from-the-sea-lies-villa-armonia-boutique-living-at-drakona-keramia-an-ideal-destination-all-year-round-it","status":"publish","type":"page","link":"https:\/\/armonia-villa.gr\/de\/","title":{"rendered":"Home"},"content":{"rendered":"<p><!-- Villa Armonia Boutique Living - Drakona, Chania, Crete --><\/p>\n<p><!-- Am Fu\u00df der \u201c Wei\u00dfen Bergen-Lefka Ori \u201c in H\u00f6he von 499 m und erst 20 km vom Meer befindet sich die Villa Armonia.Ideales Urlaubsziel f\u00fcr das ganze Jahr \u00fcber. Das Haus  ist von Gr\u00fcn umgeben mit weitem Ausblick ,verf\u00fcgt alle Voraussetzungen f\u00fcr diejenigen ,die sich in einem Bergdorf entspannen m\u00f6chten.Ein guter Ausgangspunkt f\u00fcr Ausfl\u00fcge in der Natur, am Meer, Wanderungen. Das Haus verbindet traditionelle und moderne Dekoration, wo der Gast seine Ferien in einer freundlichen Atmosph\u00e4re -v\u00f6llig in der Natur integriert- verbringen kann. --><\/p>","protected":false},"excerpt":{"rendered":"","protected":false},"author":1,"featured_media":0,"parent":0,"menu_order":0,"comment_status":"closed","ping_status":"closed","template":"template-frontpage.php","meta":{"footnotes":""},"class_list":["post-422","page","type-page","status-publish","hentry"],"yoast_head":"<!-- This site is optimized with the Yoast SEO plugin v27.1.1 - https:\/\/yoast.com\/product\/yoast-seo-wordpress\/ -->\n<title>Villa Armonia Boutique Living - Drakona, Chania, Crete<\/title>\n<meta name=\"robots\" content=\"index, follow, max-snippet:-1, max-image-preview:large, max-video-preview:-1\" \/>\n<link rel=\"canonical\" href=\"http:\/\/armonia-villa.gr\/\" \/>\n<meta property=\"og:locale\" content=\"de_DE\" \/>\n<meta property=\"og:type\" content=\"article\" \/>\n<meta property=\"og:title\" content=\"Villa Armonia Boutique Living - Drakona, Chania, Crete\" \/>\n<meta property=\"og:url\" content=\"http:\/\/armonia-villa.gr\/\" \/>\n<meta property=\"og:site_name\" content=\"Villa Armonia\" \/>\n<meta property=\"article:publisher\" content=\"https:\/\/www.facebook.com\/Villa-Armonia-Boutique-Living-787949948002412\/\" \/>\n<meta property=\"article:modified_time\" content=\"2024-02-27T10:28:40+00:00\" \/>\n<meta name=\"twitter:card\" content=\"summary_large_image\" \/>\n<meta name=\"twitter:label1\" content=\"Gesch\u00e4tzte Lesezeit\" \/>\n\t<meta name=\"twitter:data1\" content=\"1\u00a0Minute\" \/>\n<script type=\"application\/ld+json\" class=\"yoast-schema-graph\">{\"@context\":\"https:\/\/schema.org\",\"@graph\":[{\"@type\":\"WebPage\",\"@id\":\"http:\/\/armonia-villa.gr\/\",\"url\":\"http:\/\/armonia-villa.gr\/\",\"name\":\"Villa Armonia Boutique Living - Drakona, Chania, Crete\",\"isPartOf\":{\"@id\":\"http:\/\/armonia-villa.gr\/#website\"},\"datePublished\":\"2018-09-25T06:18:57+00:00\",\"dateModified\":\"2024-02-27T10:28:40+00:00\",\"breadcrumb\":{\"@id\":\"http:\/\/armonia-villa.gr\/#breadcrumb\"},\"inLanguage\":\"de\",\"potentialAction\":[{\"@type\":\"ReadAction\",\"target\":[\"http:\/\/armonia-villa.gr\/\"]}]},{\"@type\":\"BreadcrumbList\",\"@id\":\"http:\/\/armonia-villa.gr\/#breadcrumb\",\"itemListElement\":[{\"@type\":\"ListItem\",\"position\":1,\"name\":\"Home\",\"item\":\"http:\/\/armonia-villa.gr\/\"},{\"@type\":\"ListItem\",\"position\":2,\"name\":\"Home\"}]},{\"@type\":\"WebSite\",\"@id\":\"http:\/\/armonia-villa.gr\/#website\",\"url\":\"http:\/\/armonia-villa.gr\/\",\"name\":\"Villa Armonia\",\"description\":\"Boutique Living\",\"publisher\":{\"@id\":\"http:\/\/armonia-villa.gr\/#organization\"},\"potentialAction\":[{\"@type\":\"SearchAction\",\"target\":{\"@type\":\"EntryPoint\",\"urlTemplate\":\"http:\/\/armonia-villa.gr\/?s={search_term_string}\"},\"query-input\":{\"@type\":\"PropertyValueSpecification\",\"valueRequired\":true,\"valueName\":\"search_term_string\"}}],\"inLanguage\":\"de\"},{\"@type\":\"Organization\",\"@id\":\"http:\/\/armonia-villa.gr\/#organization\",\"name\":\"Villa Armonia boutique living\",\"url\":\"http:\/\/armonia-villa.gr\/\",\"logo\":{\"@type\":\"ImageObject\",\"inLanguage\":\"de\",\"@id\":\"http:\/\/armonia-villa.gr\/#\/schema\/logo\/image\/\",\"url\":\"https:\/\/armonia-villa.gr\/wp-content\/uploads\/2016\/06\/armonia_logo-1.png\",\"contentUrl\":\"https:\/\/armonia-villa.gr\/wp-content\/uploads\/2016\/06\/armonia_logo-1.png\",\"width\":300,\"height\":274,\"caption\":\"Villa Armonia boutique living\"},\"image\":{\"@id\":\"http:\/\/armonia-villa.gr\/#\/schema\/logo\/image\/\"},\"sameAs\":[\"https:\/\/www.facebook.com\/Villa-Armonia-Boutique-Living-787949948002412\/\"]}]}<\/script>\n<!-- \/ Yoast SEO plugin. -->","yoast_head_json":{"title":"Villa Armonia Boutique Living - Drakona, Chania, Crete","robots":{"index":"index","follow":"follow","max-snippet":"max-snippet:-1","max-image-preview":"max-image-preview:large","max-video-preview":"max-video-preview:-1"},"canonical":"http:\/\/armonia-villa.gr\/","og_locale":"de_DE","og_type":"article","og_title":"Villa Armonia Boutique Living - Drakona, Chania, Crete","og_url":"http:\/\/armonia-villa.gr\/","og_site_name":"Villa Armonia","article_publisher":"https:\/\/www.facebook.com\/Villa-Armonia-Boutique-Living-787949948002412\/","article_modified_time":"2024-02-27T10:28:40+00:00","twitter_card":"summary_large_image","twitter_misc":{"Gesch\u00e4tzte Lesezeit":"1\u00a0Minute"},"schema":{"@context":"https:\/\/schema.org","@graph":[{"@type":"WebPage","@id":"http:\/\/armonia-villa.gr\/","url":"http:\/\/armonia-villa.gr\/","name":"Villa Armonia Boutique Living - Drakona, Chania, Crete","isPartOf":{"@id":"http:\/\/armonia-villa.gr\/#website"},"datePublished":"2018-09-25T06:18:57+00:00","dateModified":"2024-02-27T10:28:40+00:00","breadcrumb":{"@id":"http:\/\/armonia-villa.gr\/#breadcrumb"},"inLanguage":"de","potentialAction":[{"@type":"ReadAction","target":["http:\/\/armonia-villa.gr\/"]}]},{"@type":"BreadcrumbList","@id":"http:\/\/armonia-villa.gr\/#breadcrumb","itemListElement":[{"@type":"ListItem","position":1,"name":"Home","item":"http:\/\/armonia-villa.gr\/"},{"@type":"ListItem","position":2,"name":"Home"}]},{"@type":"WebSite","@id":"http:\/\/armonia-villa.gr\/#website","url":"http:\/\/armonia-villa.gr\/","name":"Villa Armonia","description":"Boutique Living","publisher":{"@id":"http:\/\/armonia-villa.gr\/#organization"},"potentialAction":[{"@type":"SearchAction","target":{"@type":"EntryPoint","urlTemplate":"http:\/\/armonia-villa.gr\/?s={search_term_string}"},"query-input":{"@type":"PropertyValueSpecification","valueRequired":true,"valueName":"search_term_string"}}],"inLanguage":"de"},{"@type":"Organization","@id":"http:\/\/armonia-villa.gr\/#organization","name":"Villa Armonia boutique living","url":"http:\/\/armonia-villa.gr\/","logo":{"@type":"ImageObject","inLanguage":"de","@id":"http:\/\/armonia-villa.gr\/#\/schema\/logo\/image\/","url":"https:\/\/armonia-villa.gr\/wp-content\/uploads\/2016\/06\/armonia_logo-1.png","contentUrl":"https:\/\/armonia-villa.gr\/wp-content\/uploads\/2016\/06\/armonia_logo-1.png","width":300,"height":274,"caption":"Villa Armonia boutique living"},"image":{"@id":"http:\/\/armonia-villa.gr\/#\/schema\/logo\/image\/"},"sameAs":["https:\/\/www.facebook.com\/Villa-Armonia-Boutique-Living-787949948002412\/"]}]}},"_links":{"self":[{"href":"https:\/\/armonia-villa.gr\/de\/wp-json\/wp\/v2\/pages\/422","targetHints":{"allow":["GET"]}}],"collection":[{"href":"https:\/\/armonia-villa.gr\/de\/wp-json\/wp\/v2\/pages"}],"about":[{"href":"https:\/\/armonia-villa.gr\/de\/wp-json\/wp\/v2\/types\/page"}],"author":[{"embeddable":true,"href":"https:\/\/armonia-villa.gr\/de\/wp-json\/wp\/v2\/users\/1"}],"replies":[{"embeddable":true,"href":"https:\/\/armonia-villa.gr\/de\/wp-json\/wp\/v2\/comments?post=422"}],"version-history":[{"count":8,"href":"https:\/\/armonia-villa.gr\/de\/wp-json\/wp\/v2\/pages\/422\/revisions"}],"predecessor-version":[{"id":687,"href":"https:\/\/armonia-villa.gr\/de\/wp-json\/wp\/v2\/pages\/422\/revisions\/687"}],"wp:attachment":[{"href":"https:\/\/armonia-villa.gr\/de\/wp-json\/wp\/v2\/media?parent=422"}],"curies":[{"name":"wp","href":"https:\/\/api.w.org\/{rel}","templated":true}]}}