{"id":426,"date":"2016-06-06T11:26:08","date_gmt":"2016-06-06T11:26:08","guid":{"rendered":"http:\/\/armonia-villa.gr\/?page_id=66"},"modified":"2019-01-11T11:17:44","modified_gmt":"2019-01-11T11:17:44","slug":"location","status":"publish","type":"page","link":"https:\/\/armonia-villa.gr\/de\/location\/","title":{"rendered":"Lage"},"content":{"rendered":"<p>Die <strong>Villa Armonia Boutique Living<\/strong> hat eine Wohnfl\u00e4che von 180 qm und befindet sich in H\u00f6he 499 m am Fu\u00df der Bergkette Lefka Ori, im Dorf Drakona,Provinz Keramia. Sie ist von der Stadt Chania 20 km,<br \/>\nvom Flughafen Chania 32,5 km,<br \/>\nvom Souda-Hafen  20,5 km entfernt,<br \/>\n<strong>und traumhafte Str\u00e4nde, wie Falasarna, Platanias, Agia Marina, Stalos, Gerani, Nea Chora, Marathi, Kolymbari, Balos.<\/strong><\/p>\n<p>Sie ist von Gr\u00fcn umgeben und bietet eine entspannte Atmosph\u00e4re an.Die Tavernen \u201c<a href=\"http:\/\/www.tzaneris-archontissa.gr\/en\" rel=\"noopener\" target=\"_blank\">Tzaneris and Archontissa<\/a>\u201d , \u201c<a href=\"http:\/\/www.ntounias.gr\/\" target=\"_blank\">Ntounias<\/a>\u201d befinden sich sehr Nah am Haus.Sie bieten <strong>traditionelle Geschmacksvielfalt<\/strong>, die im Holzofen vorbereitet  werden.<br \/>\nDie n\u00e4chsten <strong>Str\u00e4nde<\/strong> sind 20 km entfernt. <\/p>\n<p>Es ist notwendig ein Auto zu mieten.<\/p>\n<p><center><iframe loading=\"lazy\" src=\"https:\/\/www.google.com\/maps\/d\/u\/0\/embed?mid=1-ZyAOmd_1S9X8TH4b1vn-DU2lG8&#038;z=10\" width=\"850\" height=\"480\"><\/iframe><\/center><\/p>","protected":false},"excerpt":{"rendered":"<p>Die Villa Armonia Boutique Living hat eine Wohnfl\u00e4che von 180 qm und befindet sich in H\u00f6he 499 m am Fu\u00df der Bergkette Lefka Ori, im Dorf Drakona,Provinz Keramia. Sie ist von der Stadt Chania 20 km, vom Flughafen Chania 32,5 km, vom Souda-Hafen 20,5 km entfernt, und traumhafte Str\u00e4nde, wie Falasarna, Platanias, Agia Marina, Stalos, [&hellip;]<\/p>\n","protected":false},"author":1,"featured_media":0,"parent":0,"menu_order":0,"comment_status":"closed","ping_status":"closed","template":"template-fullwidth.php","meta":{"footnotes":""},"class_list":["post-426","page","type-page","status-publish","hentry"],"yoast_head":"<!-- This site is optimized with the Yoast SEO plugin v27.1.1 - https:\/\/yoast.com\/product\/yoast-seo-wordpress\/ -->\n<title>Vila Armonia, Drakona, Keramia, Chania, Crete - Location<\/title>\n<meta name=\"description\" content=\"Villa Armonia Boutique Living is 180 sq.m. located at the foot of the White Mountains in Drakona Keramia in Chania Crtete, at an altitude of 499m.\" \/>\n<meta name=\"robots\" content=\"index, follow, max-snippet:-1, max-image-preview:large, max-video-preview:-1\" \/>\n<link rel=\"canonical\" href=\"https:\/\/armonia-villa.gr\/en\/location\/\" \/>\n<meta property=\"og:locale\" content=\"de_DE\" \/>\n<meta property=\"og:type\" content=\"article\" \/>\n<meta property=\"og:title\" content=\"Vila Armonia, Drakona, Keramia, Chania, Crete - Location\" \/>\n<meta property=\"og:description\" content=\"Villa Armonia Boutique Living is 180 sq.m. located at the foot of the White Mountains in Drakona Keramia in Chania Crtete, at an altitude of 499m.\" \/>\n<meta property=\"og:url\" content=\"https:\/\/armonia-villa.gr\/en\/location\/\" \/>\n<meta property=\"og:site_name\" content=\"Villa Armonia\" \/>\n<meta property=\"article:publisher\" content=\"https:\/\/www.facebook.com\/Villa-Armonia-Boutique-Living-787949948002412\/\" \/>\n<meta property=\"article:modified_time\" content=\"2019-01-11T11:17:44+00:00\" \/>\n<meta name=\"twitter:card\" content=\"summary_large_image\" \/>\n<meta name=\"twitter:label1\" content=\"Gesch\u00e4tzte Lesezeit\" \/>\n\t<meta name=\"twitter:data1\" content=\"3\u00a0Minuten\" \/>\n<script type=\"application\/ld+json\" class=\"yoast-schema-graph\">{\"@context\":\"https:\/\/schema.org\",\"@graph\":[{\"@type\":\"WebPage\",\"@id\":\"https:\/\/armonia-villa.gr\/en\/location\/\",\"url\":\"https:\/\/armonia-villa.gr\/en\/location\/\",\"name\":\"Vila Armonia, Drakona, Keramia, Chania, Crete - Location\",\"isPartOf\":{\"@id\":\"http:\/\/armonia-villa.gr\/#website\"},\"datePublished\":\"2016-06-06T11:26:08+00:00\",\"dateModified\":\"2019-01-11T11:17:44+00:00\",\"description\":\"Villa Armonia Boutique Living is 180 sq.m. located at the foot of the White Mountains in Drakona Keramia in Chania Crtete, at an altitude of 499m.\",\"breadcrumb\":{\"@id\":\"https:\/\/armonia-villa.gr\/en\/location\/#breadcrumb\"},\"inLanguage\":\"de\",\"potentialAction\":[{\"@type\":\"ReadAction\",\"target\":[\"https:\/\/armonia-villa.gr\/en\/location\/\"]}]},{\"@type\":\"BreadcrumbList\",\"@id\":\"https:\/\/armonia-villa.gr\/en\/location\/#breadcrumb\",\"itemListElement\":[{\"@type\":\"ListItem\",\"position\":1,\"name\":\"Home\",\"item\":\"http:\/\/armonia-villa.gr\/\"},{\"@type\":\"ListItem\",\"position\":2,\"name\":\"Location\"}]},{\"@type\":\"WebSite\",\"@id\":\"http:\/\/armonia-villa.gr\/#website\",\"url\":\"http:\/\/armonia-villa.gr\/\",\"name\":\"Villa Armonia\",\"description\":\"Boutique Living\",\"publisher\":{\"@id\":\"http:\/\/armonia-villa.gr\/#organization\"},\"potentialAction\":[{\"@type\":\"SearchAction\",\"target\":{\"@type\":\"EntryPoint\",\"urlTemplate\":\"http:\/\/armonia-villa.gr\/?s={search_term_string}\"},\"query-input\":{\"@type\":\"PropertyValueSpecification\",\"valueRequired\":true,\"valueName\":\"search_term_string\"}}],\"inLanguage\":\"de\"},{\"@type\":\"Organization\",\"@id\":\"http:\/\/armonia-villa.gr\/#organization\",\"name\":\"Villa Armonia boutique living\",\"url\":\"http:\/\/armonia-villa.gr\/\",\"logo\":{\"@type\":\"ImageObject\",\"inLanguage\":\"de\",\"@id\":\"http:\/\/armonia-villa.gr\/#\/schema\/logo\/image\/\",\"url\":\"https:\/\/armonia-villa.gr\/wp-content\/uploads\/2016\/06\/armonia_logo-1.png\",\"contentUrl\":\"https:\/\/armonia-villa.gr\/wp-content\/uploads\/2016\/06\/armonia_logo-1.png\",\"width\":300,\"height\":274,\"caption\":\"Villa Armonia boutique living\"},\"image\":{\"@id\":\"http:\/\/armonia-villa.gr\/#\/schema\/logo\/image\/\"},\"sameAs\":[\"https:\/\/www.facebook.com\/Villa-Armonia-Boutique-Living-787949948002412\/\"]}]}<\/script>\n<!-- \/ Yoast SEO plugin. -->","yoast_head_json":{"title":"Vila Armonia, Drakona, Keramia, Chania, Crete - Location","description":"Villa Armonia Boutique Living is 180 sq.m. located at the foot of the White Mountains in Drakona Keramia in Chania Crtete, at an altitude of 499m.","robots":{"index":"index","follow":"follow","max-snippet":"max-snippet:-1","max-image-preview":"max-image-preview:large","max-video-preview":"max-video-preview:-1"},"canonical":"https:\/\/armonia-villa.gr\/en\/location\/","og_locale":"de_DE","og_type":"article","og_title":"Vila Armonia, Drakona, Keramia, Chania, Crete - Location","og_description":"Villa Armonia Boutique Living is 180 sq.m. located at the foot of the White Mountains in Drakona Keramia in Chania Crtete, at an altitude of 499m.","og_url":"https:\/\/armonia-villa.gr\/en\/location\/","og_site_name":"Villa Armonia","article_publisher":"https:\/\/www.facebook.com\/Villa-Armonia-Boutique-Living-787949948002412\/","article_modified_time":"2019-01-11T11:17:44+00:00","twitter_card":"summary_large_image","twitter_misc":{"Gesch\u00e4tzte Lesezeit":"3\u00a0Minuten"},"schema":{"@context":"https:\/\/schema.org","@graph":[{"@type":"WebPage","@id":"https:\/\/armonia-villa.gr\/en\/location\/","url":"https:\/\/armonia-villa.gr\/en\/location\/","name":"Vila Armonia, Drakona, Keramia, Chania, Crete - Location","isPartOf":{"@id":"http:\/\/armonia-villa.gr\/#website"},"datePublished":"2016-06-06T11:26:08+00:00","dateModified":"2019-01-11T11:17:44+00:00","description":"Villa Armonia Boutique Living is 180 sq.m. located at the foot of the White Mountains in Drakona Keramia in Chania Crtete, at an altitude of 499m.","breadcrumb":{"@id":"https:\/\/armonia-villa.gr\/en\/location\/#breadcrumb"},"inLanguage":"de","potentialAction":[{"@type":"ReadAction","target":["https:\/\/armonia-villa.gr\/en\/location\/"]}]},{"@type":"BreadcrumbList","@id":"https:\/\/armonia-villa.gr\/en\/location\/#breadcrumb","itemListElement":[{"@type":"ListItem","position":1,"name":"Home","item":"http:\/\/armonia-villa.gr\/"},{"@type":"ListItem","position":2,"name":"Location"}]},{"@type":"WebSite","@id":"http:\/\/armonia-villa.gr\/#website","url":"http:\/\/armonia-villa.gr\/","name":"Villa Armonia","description":"Boutique Living","publisher":{"@id":"http:\/\/armonia-villa.gr\/#organization"},"potentialAction":[{"@type":"SearchAction","target":{"@type":"EntryPoint","urlTemplate":"http:\/\/armonia-villa.gr\/?s={search_term_string}"},"query-input":{"@type":"PropertyValueSpecification","valueRequired":true,"valueName":"search_term_string"}}],"inLanguage":"de"},{"@type":"Organization","@id":"http:\/\/armonia-villa.gr\/#organization","name":"Villa Armonia boutique living","url":"http:\/\/armonia-villa.gr\/","logo":{"@type":"ImageObject","inLanguage":"de","@id":"http:\/\/armonia-villa.gr\/#\/schema\/logo\/image\/","url":"https:\/\/armonia-villa.gr\/wp-content\/uploads\/2016\/06\/armonia_logo-1.png","contentUrl":"https:\/\/armonia-villa.gr\/wp-content\/uploads\/2016\/06\/armonia_logo-1.png","width":300,"height":274,"caption":"Villa Armonia boutique living"},"image":{"@id":"http:\/\/armonia-villa.gr\/#\/schema\/logo\/image\/"},"sameAs":["https:\/\/www.facebook.com\/Villa-Armonia-Boutique-Living-787949948002412\/"]}]}},"_links":{"self":[{"href":"https:\/\/armonia-villa.gr\/de\/wp-json\/wp\/v2\/pages\/426","targetHints":{"allow":["GET"]}}],"collection":[{"href":"https:\/\/armonia-villa.gr\/de\/wp-json\/wp\/v2\/pages"}],"about":[{"href":"https:\/\/armonia-villa.gr\/de\/wp-json\/wp\/v2\/types\/page"}],"author":[{"embeddable":true,"href":"https:\/\/armonia-villa.gr\/de\/wp-json\/wp\/v2\/users\/1"}],"replies":[{"embeddable":true,"href":"https:\/\/armonia-villa.gr\/de\/wp-json\/wp\/v2\/comments?post=426"}],"version-history":[{"count":17,"href":"https:\/\/armonia-villa.gr\/de\/wp-json\/wp\/v2\/pages\/426\/revisions"}],"predecessor-version":[{"id":692,"href":"https:\/\/armonia-villa.gr\/de\/wp-json\/wp\/v2\/pages\/426\/revisions\/692"}],"wp:attachment":[{"href":"https:\/\/armonia-villa.gr\/de\/wp-json\/wp\/v2\/media?parent=426"}],"curies":[{"name":"wp","href":"https:\/\/api.w.org\/{rel}","templated":true}]}}