{"id":37,"date":"2016-06-05T06:16:38","date_gmt":"2016-06-05T06:16:38","guid":{"rendered":"http:\/\/armonia-villa.gr\/?page_id=35"},"modified":"2023-10-24T06:42:32","modified_gmt":"2023-10-24T06:42:32","slug":"philosophy","status":"publish","type":"page","link":"https:\/\/armonia-villa.gr\/fr\/philosophy\/","title":{"rendered":"Notre Philosophie"},"content":{"rendered":"<p>Un point de d\u00e9part de base pour faire du <strong>cyclisme<\/strong> et de l\u2019<strong>escalade<\/strong>, mais aussi pour ceux qui veulent profiter et <strong>explorer la nature par des seniers de rendonnee<\/strong>.<\/p>\n<p>Avec respect pour l&rsquo;environnement, la <strong>Villa Armonia Boutique Living<\/strong> a mis en place les \u00e9l\u00e9ments suivants:<\/p>\n<p>&#8211; <strong>La D\u00e9sinfection de l&rsquo;eau de la piscine est effectuee au sel de maniere ecologique sans utiliser des substences chimiques<\/strong><\/p>\n<p>&#8211; T\u00e9l\u00e9viseur LED de basse consommation<\/p>\n<p>&#8211; Capteur solaire et pompe \u00e0 chaleur pour l\u2019approvisionnement en eau chaude<\/p>\n<p>&#8211; Installations de climatisation \u00e0 la pointe de la technologie<\/p>\n<p>&#8211; Usage d&rsquo;oxyg\u00e8ne actif dans l&rsquo;installation du <strong>jacuzzi<\/strong><\/p>\n<p>&#8211; Usage de papier toilette biod\u00e9gradable<\/p>\n<p>&#8211; Dans la cour il y a un bac de recyclage pour les journaux, le plastique, l&rsquo;aluminium etc.<\/p>\n<p>&#8211; Changement de draps tous les 7 jours<\/p>\n<p>&#8211; Usage de produits de nettoyage \u00e9cologiques en tout respect pour l\u2019homme et l\u2019environnement<\/p>\n<p>&#8211; Usage de lampes \u00e0 faible consommation<\/p>\n<p>&#8211; Jardin aux plantes choisies pour \u00eatre adapt\u00e9es \u00e0 l&rsquo;environnement naturel<\/p>\n<p>&#8211; \u00c0 l&rsquo;ext\u00e9rieur, capteurs de lumi\u00e8re et des minuteries pour l&rsquo;\u00e9clairage du soir<br \/>\n<\/p>","protected":false},"excerpt":{"rendered":"<p>Un point de d\u00e9part de base pour faire du cyclisme et de l\u2019escalade, mais aussi pour ceux qui veulent profiter et explorer la nature par des seniers de rendonnee. Avec respect pour l&rsquo;environnement, la Villa Armonia Boutique Living a mis en place les \u00e9l\u00e9ments suivants: &#8211; La D\u00e9sinfection de l&rsquo;eau de la piscine est effectuee [&hellip;]<\/p>\n","protected":false},"author":1,"featured_media":0,"parent":0,"menu_order":0,"comment_status":"closed","ping_status":"closed","template":"template-fullwidth.php","meta":{"footnotes":""},"class_list":["post-37","page","type-page","status-publish","hentry"],"yoast_head":"<!-- This site is optimized with the Yoast SEO plugin v27.1.1 - https:\/\/yoast.com\/product\/yoast-seo-wordpress\/ -->\n<title>Vila Armonia, Drakona, Keramia, Chania - Our philosophy<\/title>\n<meta name=\"description\" content=\"An ideal destination for your vacation throughout the year with the best options for a family. It has a tidy fenced yard so children can play safely.\" \/>\n<meta name=\"robots\" content=\"index, follow, max-snippet:-1, max-image-preview:large, max-video-preview:-1\" \/>\n<link rel=\"canonical\" href=\"https:\/\/armonia-villa.gr\/en\/philosophy\/\" \/>\n<meta property=\"og:locale\" content=\"fr_FR\" \/>\n<meta property=\"og:type\" content=\"article\" \/>\n<meta property=\"og:title\" content=\"Vila Armonia, Drakona, Keramia, Chania - Our philosophy\" \/>\n<meta property=\"og:description\" content=\"An ideal destination for your vacation throughout the year with the best options for a family. It has a tidy fenced yard so children can play safely.\" \/>\n<meta property=\"og:url\" content=\"https:\/\/armonia-villa.gr\/en\/philosophy\/\" \/>\n<meta property=\"og:site_name\" content=\"Villa Armonia\" \/>\n<meta property=\"article:publisher\" content=\"https:\/\/www.facebook.com\/Villa-Armonia-Boutique-Living-787949948002412\/\" \/>\n<meta property=\"article:modified_time\" content=\"2023-10-24T06:42:32+00:00\" \/>\n<meta name=\"twitter:card\" content=\"summary_large_image\" \/>\n<meta name=\"twitter:label1\" content=\"Dur\u00e9e de lecture estim\u00e9e\" \/>\n\t<meta name=\"twitter:data1\" content=\"5 minutes\" \/>\n<script type=\"application\/ld+json\" class=\"yoast-schema-graph\">{\"@context\":\"https:\/\/schema.org\",\"@graph\":[{\"@type\":\"WebPage\",\"@id\":\"https:\/\/armonia-villa.gr\/en\/philosophy\/\",\"url\":\"https:\/\/armonia-villa.gr\/en\/philosophy\/\",\"name\":\"Vila Armonia, Drakona, Keramia, Chania - Our philosophy\",\"isPartOf\":{\"@id\":\"http:\/\/armonia-villa.gr\/#website\"},\"datePublished\":\"2016-06-05T06:16:38+00:00\",\"dateModified\":\"2023-10-24T06:42:32+00:00\",\"description\":\"An ideal destination for your vacation throughout the year with the best options for a family. It has a tidy fenced yard so children can play safely.\",\"breadcrumb\":{\"@id\":\"https:\/\/armonia-villa.gr\/en\/philosophy\/#breadcrumb\"},\"inLanguage\":\"fr-FR\",\"potentialAction\":[{\"@type\":\"ReadAction\",\"target\":[\"https:\/\/armonia-villa.gr\/en\/philosophy\/\"]}]},{\"@type\":\"BreadcrumbList\",\"@id\":\"https:\/\/armonia-villa.gr\/en\/philosophy\/#breadcrumb\",\"itemListElement\":[{\"@type\":\"ListItem\",\"position\":1,\"name\":\"Home\",\"item\":\"http:\/\/armonia-villa.gr\/\"},{\"@type\":\"ListItem\",\"position\":2,\"name\":\"Our philosophy\"}]},{\"@type\":\"WebSite\",\"@id\":\"http:\/\/armonia-villa.gr\/#website\",\"url\":\"http:\/\/armonia-villa.gr\/\",\"name\":\"Villa Armonia\",\"description\":\"Boutique Living\",\"publisher\":{\"@id\":\"http:\/\/armonia-villa.gr\/#organization\"},\"potentialAction\":[{\"@type\":\"SearchAction\",\"target\":{\"@type\":\"EntryPoint\",\"urlTemplate\":\"http:\/\/armonia-villa.gr\/?s={search_term_string}\"},\"query-input\":{\"@type\":\"PropertyValueSpecification\",\"valueRequired\":true,\"valueName\":\"search_term_string\"}}],\"inLanguage\":\"fr-FR\"},{\"@type\":\"Organization\",\"@id\":\"http:\/\/armonia-villa.gr\/#organization\",\"name\":\"Villa Armonia boutique living\",\"url\":\"http:\/\/armonia-villa.gr\/\",\"logo\":{\"@type\":\"ImageObject\",\"inLanguage\":\"fr-FR\",\"@id\":\"http:\/\/armonia-villa.gr\/#\/schema\/logo\/image\/\",\"url\":\"https:\/\/armonia-villa.gr\/wp-content\/uploads\/2016\/06\/armonia_logo-1.png\",\"contentUrl\":\"https:\/\/armonia-villa.gr\/wp-content\/uploads\/2016\/06\/armonia_logo-1.png\",\"width\":300,\"height\":274,\"caption\":\"Villa Armonia boutique living\"},\"image\":{\"@id\":\"http:\/\/armonia-villa.gr\/#\/schema\/logo\/image\/\"},\"sameAs\":[\"https:\/\/www.facebook.com\/Villa-Armonia-Boutique-Living-787949948002412\/\"]}]}<\/script>\n<!-- \/ Yoast SEO plugin. -->","yoast_head_json":{"title":"Vila Armonia, Drakona, Keramia, Chania - Our philosophy","description":"An ideal destination for your vacation throughout the year with the best options for a family. It has a tidy fenced yard so children can play safely.","robots":{"index":"index","follow":"follow","max-snippet":"max-snippet:-1","max-image-preview":"max-image-preview:large","max-video-preview":"max-video-preview:-1"},"canonical":"https:\/\/armonia-villa.gr\/en\/philosophy\/","og_locale":"fr_FR","og_type":"article","og_title":"Vila Armonia, Drakona, Keramia, Chania - Our philosophy","og_description":"An ideal destination for your vacation throughout the year with the best options for a family. It has a tidy fenced yard so children can play safely.","og_url":"https:\/\/armonia-villa.gr\/en\/philosophy\/","og_site_name":"Villa Armonia","article_publisher":"https:\/\/www.facebook.com\/Villa-Armonia-Boutique-Living-787949948002412\/","article_modified_time":"2023-10-24T06:42:32+00:00","twitter_card":"summary_large_image","twitter_misc":{"Dur\u00e9e de lecture estim\u00e9e":"5 minutes"},"schema":{"@context":"https:\/\/schema.org","@graph":[{"@type":"WebPage","@id":"https:\/\/armonia-villa.gr\/en\/philosophy\/","url":"https:\/\/armonia-villa.gr\/en\/philosophy\/","name":"Vila Armonia, Drakona, Keramia, Chania - Our philosophy","isPartOf":{"@id":"http:\/\/armonia-villa.gr\/#website"},"datePublished":"2016-06-05T06:16:38+00:00","dateModified":"2023-10-24T06:42:32+00:00","description":"An ideal destination for your vacation throughout the year with the best options for a family. It has a tidy fenced yard so children can play safely.","breadcrumb":{"@id":"https:\/\/armonia-villa.gr\/en\/philosophy\/#breadcrumb"},"inLanguage":"fr-FR","potentialAction":[{"@type":"ReadAction","target":["https:\/\/armonia-villa.gr\/en\/philosophy\/"]}]},{"@type":"BreadcrumbList","@id":"https:\/\/armonia-villa.gr\/en\/philosophy\/#breadcrumb","itemListElement":[{"@type":"ListItem","position":1,"name":"Home","item":"http:\/\/armonia-villa.gr\/"},{"@type":"ListItem","position":2,"name":"Our philosophy"}]},{"@type":"WebSite","@id":"http:\/\/armonia-villa.gr\/#website","url":"http:\/\/armonia-villa.gr\/","name":"Villa Armonia","description":"Boutique Living","publisher":{"@id":"http:\/\/armonia-villa.gr\/#organization"},"potentialAction":[{"@type":"SearchAction","target":{"@type":"EntryPoint","urlTemplate":"http:\/\/armonia-villa.gr\/?s={search_term_string}"},"query-input":{"@type":"PropertyValueSpecification","valueRequired":true,"valueName":"search_term_string"}}],"inLanguage":"fr-FR"},{"@type":"Organization","@id":"http:\/\/armonia-villa.gr\/#organization","name":"Villa Armonia boutique living","url":"http:\/\/armonia-villa.gr\/","logo":{"@type":"ImageObject","inLanguage":"fr-FR","@id":"http:\/\/armonia-villa.gr\/#\/schema\/logo\/image\/","url":"https:\/\/armonia-villa.gr\/wp-content\/uploads\/2016\/06\/armonia_logo-1.png","contentUrl":"https:\/\/armonia-villa.gr\/wp-content\/uploads\/2016\/06\/armonia_logo-1.png","width":300,"height":274,"caption":"Villa Armonia boutique living"},"image":{"@id":"http:\/\/armonia-villa.gr\/#\/schema\/logo\/image\/"},"sameAs":["https:\/\/www.facebook.com\/Villa-Armonia-Boutique-Living-787949948002412\/"]}]}},"_links":{"self":[{"href":"https:\/\/armonia-villa.gr\/fr\/wp-json\/wp\/v2\/pages\/37","targetHints":{"allow":["GET"]}}],"collection":[{"href":"https:\/\/armonia-villa.gr\/fr\/wp-json\/wp\/v2\/pages"}],"about":[{"href":"https:\/\/armonia-villa.gr\/fr\/wp-json\/wp\/v2\/types\/page"}],"author":[{"embeddable":true,"href":"https:\/\/armonia-villa.gr\/fr\/wp-json\/wp\/v2\/users\/1"}],"replies":[{"embeddable":true,"href":"https:\/\/armonia-villa.gr\/fr\/wp-json\/wp\/v2\/comments?post=37"}],"version-history":[{"count":20,"href":"https:\/\/armonia-villa.gr\/fr\/wp-json\/wp\/v2\/pages\/37\/revisions"}],"predecessor-version":[{"id":689,"href":"https:\/\/armonia-villa.gr\/fr\/wp-json\/wp\/v2\/pages\/37\/revisions\/689"}],"wp:attachment":[{"href":"https:\/\/armonia-villa.gr\/fr\/wp-json\/wp\/v2\/media?parent=37"}],"curies":[{"name":"wp","href":"https:\/\/api.w.org\/{rel}","templated":true}]}}