{"id":423,"date":"2016-06-05T06:27:15","date_gmt":"2016-06-05T06:27:15","guid":{"rendered":"http:\/\/armonia-villa.gr\/?page_id=40"},"modified":"2019-02-27T17:55:48","modified_gmt":"2019-02-27T17:55:48","slug":"our-villa","status":"publish","type":"page","link":"https:\/\/armonia-villa.gr\/fr\/our-villa\/","title":{"rendered":"Armonia"},"content":{"rendered":"<p><strong>Villa Armonia Boutique Living<\/strong> s&rsquo;\u00e9tend sur deux niveaux et peut accueillir 8 personnes:<\/p>\n<p><strong>1e \u00e9tage<\/strong><br \/>\nIl y a 4 chambres \u00e0 coucher, dont deux avec des lits doubles et les deux autres avec des lits jumeaux mais avec la possibilit\u00e9 d\u2019en faire des lits doubles. Une grande toilette avec <b>jacuzzi-hydromassage<\/b> et un espace commun avec des jeux de soci\u00e9t\u00e9, qui m\u00e8ne \u00e0 la cour ext\u00e9rieure.<br \/>\n<img loading=\"lazy\" decoding=\"async\" src=\"http:\/\/armonia-villa.gr\/wp-content\/uploads\/2016\/06\/1st-floor-1024x839.jpg\" usemap=\"#1st-floor\" alt=\"1st-floor\" width=\"980\" height=\"803\" class=\"alignnone size-large wp-image-52\" srcset=\"https:\/\/armonia-villa.gr\/wp-content\/uploads\/2016\/06\/1st-floor-1024x839.jpg 1024w, https:\/\/armonia-villa.gr\/wp-content\/uploads\/2016\/06\/1st-floor-300x246.jpg 300w, https:\/\/armonia-villa.gr\/wp-content\/uploads\/2016\/06\/1st-floor-768x630.jpg 768w, https:\/\/armonia-villa.gr\/wp-content\/uploads\/2016\/06\/1st-floor.jpg 1920w\" sizes=\"auto, (max-width: 980px) 100vw, 980px\" \/><\/p>\n<p><strong>2e \u00e9tage<\/strong><br \/>\nIl a un espace ouvert avec une cuisine enti\u00e8rement \u00e9quip\u00e9e, un W.C. avec une douche et une salle de s\u00e9jour avec une <strong>chemin\u00e9e, de grandes ouvertures<\/strong>, un \u00e9clairage illimit\u00e9 et <strong>des vues d\u00e9gag\u00e9es<\/strong>. Les visiteurs peuvent pr\u00e9parer leur petit-d\u00e9jeuner dans un environnement chaleureux et convivial tout en profitant de l&rsquo;<strong>excellente vue sur la cheminnee ou la v\u00e9randa<\/strong>. Les mat\u00e9riaux naturels de la pierre et du bois s\u2019associent harmonieusement avec la d\u00e9coration et l&rsquo;\u00e9quipement et dominent les espaces cr\u00e9ant un climat calme de relaxation et de d\u00e9tente.<br \/>\n<img loading=\"lazy\" decoding=\"async\" src=\"http:\/\/armonia-villa.gr\/wp-content\/uploads\/2016\/06\/2nd-floor-954x1024.jpg\" usemap=\"#1st-floor\" alt=\"Villa Armonia, \u0392\u03af\u03bb\u03b1 \u0391\u03c1\u03bc\u03bf\u03bd\u03af\u03b1, \u0394\u03c1\u03b1\u03ba\u03cc\u03bd\u03b1, \u03a7\u03b1\u03bd\u03b9\u03ac, Drakona, Chania, Crete\" width=\"954\" height=\"1024\" class=\"alignnone size-large wp-image-69\" srcset=\"https:\/\/armonia-villa.gr\/wp-content\/uploads\/2016\/06\/2nd-floor-954x1024.jpg 954w, https:\/\/armonia-villa.gr\/wp-content\/uploads\/2016\/06\/2nd-floor-279x300.jpg 279w, https:\/\/armonia-villa.gr\/wp-content\/uploads\/2016\/06\/2nd-floor-768x825.jpg 768w, https:\/\/armonia-villa.gr\/wp-content\/uploads\/2016\/06\/2nd-floor.jpg 1788w\" sizes=\"auto, (max-width: 954px) 100vw, 954px\" \/><\/p>\n<p><u>R\u00c8GLEMENT INT\u00c9RIEUR<\/u><br \/>\nNous nous attendons de nos clients de respecter les espaces de la maison et se sentir \u00e0 l&rsquo;aise comme chez eux. <\/p>\n<p>En plus, de respecter l&rsquo;environnement \u00e9tant donn\u00e9 que la r\u00e9gion est un paysage d&rsquo;une beaut\u00e9 naturelle exceptionnelle.<\/p>\n<p>Fumer est autoris\u00e9 uniquement \u00e0 l&rsquo;ext\u00e9rieur.<\/p>\n<p>Les animaux ne sont pas autoris\u00e9s.<\/p>\n<p>Les f\u00eates ne sont pas autoris\u00e9es.<br \/>\n<\/p>","protected":false},"excerpt":{"rendered":"<p>Villa Armonia Boutique Living s&rsquo;\u00e9tend sur deux niveaux et peut accueillir 8 personnes: 1e \u00e9tage Il y a 4 chambres \u00e0 coucher, dont deux avec des lits doubles et les deux autres avec des lits jumeaux mais avec la possibilit\u00e9 d\u2019en faire des lits doubles. Une grande toilette avec jacuzzi-hydromassage et un espace commun avec [&hellip;]<\/p>\n","protected":false},"author":1,"featured_media":0,"parent":0,"menu_order":0,"comment_status":"closed","ping_status":"closed","template":"","meta":{"footnotes":""},"class_list":["post-423","page","type-page","status-publish","hentry"],"yoast_head":"<!-- This site is optimized with the Yoast SEO plugin v27.1.1 - https:\/\/yoast.com\/product\/yoast-seo-wordpress\/ -->\n<title>Vila Armonia, Drakona, Keramia, Chania - Our Vila<\/title>\n<meta name=\"description\" content=\"Villa Armonia Boutique Living spans in two levels and can accommodate 8 people. There are 4 bedrooms of which two are with double beds and...\" \/>\n<meta name=\"robots\" content=\"index, follow, max-snippet:-1, max-image-preview:large, max-video-preview:-1\" \/>\n<link rel=\"canonical\" href=\"https:\/\/armonia-villa.gr\/it\/our-villa\/\" \/>\n<meta property=\"og:locale\" content=\"fr_FR\" \/>\n<meta property=\"og:type\" content=\"article\" \/>\n<meta property=\"og:title\" content=\"Vila Armonia, Drakona, Keramia, Chania - Our Vila\" \/>\n<meta property=\"og:description\" content=\"Villa Armonia Boutique Living spans in two levels and can accommodate 8 people. There are 4 bedrooms of which two are with double beds and...\" \/>\n<meta property=\"og:url\" content=\"https:\/\/armonia-villa.gr\/it\/our-villa\/\" \/>\n<meta property=\"og:site_name\" content=\"Villa Armonia\" \/>\n<meta property=\"article:publisher\" content=\"https:\/\/www.facebook.com\/Villa-Armonia-Boutique-Living-787949948002412\/\" \/>\n<meta property=\"article:modified_time\" content=\"2019-02-27T17:55:48+00:00\" \/>\n<meta property=\"og:image\" content=\"http:\/\/armonia-villa.gr\/wp-content\/uploads\/2016\/06\/1st-floor-1024x839.jpg\" \/>\n<meta name=\"twitter:card\" content=\"summary_large_image\" \/>\n<meta name=\"twitter:label1\" content=\"Dur\u00e9e de lecture estim\u00e9e\" \/>\n\t<meta name=\"twitter:data1\" content=\"4 minutes\" \/>\n<script type=\"application\/ld+json\" class=\"yoast-schema-graph\">{\"@context\":\"https:\/\/schema.org\",\"@graph\":[{\"@type\":\"WebPage\",\"@id\":\"https:\/\/armonia-villa.gr\/it\/our-villa\/\",\"url\":\"https:\/\/armonia-villa.gr\/it\/our-villa\/\",\"name\":\"Vila Armonia, Drakona, Keramia, Chania - Our Vila\",\"isPartOf\":{\"@id\":\"http:\/\/armonia-villa.gr\/#website\"},\"primaryImageOfPage\":{\"@id\":\"https:\/\/armonia-villa.gr\/it\/our-villa\/#primaryimage\"},\"image\":{\"@id\":\"https:\/\/armonia-villa.gr\/it\/our-villa\/#primaryimage\"},\"thumbnailUrl\":\"http:\/\/armonia-villa.gr\/wp-content\/uploads\/2016\/06\/1st-floor-1024x839.jpg\",\"datePublished\":\"2016-06-05T06:27:15+00:00\",\"dateModified\":\"2019-02-27T17:55:48+00:00\",\"description\":\"Villa Armonia Boutique Living spans in two levels and can accommodate 8 people. There are 4 bedrooms of which two are with double beds and...\",\"breadcrumb\":{\"@id\":\"https:\/\/armonia-villa.gr\/it\/our-villa\/#breadcrumb\"},\"inLanguage\":\"fr-FR\",\"potentialAction\":[{\"@type\":\"ReadAction\",\"target\":[\"https:\/\/armonia-villa.gr\/it\/our-villa\/\"]}]},{\"@type\":\"ImageObject\",\"inLanguage\":\"fr-FR\",\"@id\":\"https:\/\/armonia-villa.gr\/it\/our-villa\/#primaryimage\",\"url\":\"http:\/\/armonia-villa.gr\/wp-content\/uploads\/2016\/06\/1st-floor-1024x839.jpg\",\"contentUrl\":\"http:\/\/armonia-villa.gr\/wp-content\/uploads\/2016\/06\/1st-floor-1024x839.jpg\"},{\"@type\":\"BreadcrumbList\",\"@id\":\"https:\/\/armonia-villa.gr\/it\/our-villa\/#breadcrumb\",\"itemListElement\":[{\"@type\":\"ListItem\",\"position\":1,\"name\":\"Home\",\"item\":\"http:\/\/armonia-villa.gr\/\"},{\"@type\":\"ListItem\",\"position\":2,\"name\":\"Armonia\"}]},{\"@type\":\"WebSite\",\"@id\":\"http:\/\/armonia-villa.gr\/#website\",\"url\":\"http:\/\/armonia-villa.gr\/\",\"name\":\"Villa Armonia\",\"description\":\"Boutique Living\",\"publisher\":{\"@id\":\"http:\/\/armonia-villa.gr\/#organization\"},\"potentialAction\":[{\"@type\":\"SearchAction\",\"target\":{\"@type\":\"EntryPoint\",\"urlTemplate\":\"http:\/\/armonia-villa.gr\/?s={search_term_string}\"},\"query-input\":{\"@type\":\"PropertyValueSpecification\",\"valueRequired\":true,\"valueName\":\"search_term_string\"}}],\"inLanguage\":\"fr-FR\"},{\"@type\":\"Organization\",\"@id\":\"http:\/\/armonia-villa.gr\/#organization\",\"name\":\"Villa Armonia boutique living\",\"url\":\"http:\/\/armonia-villa.gr\/\",\"logo\":{\"@type\":\"ImageObject\",\"inLanguage\":\"fr-FR\",\"@id\":\"http:\/\/armonia-villa.gr\/#\/schema\/logo\/image\/\",\"url\":\"https:\/\/armonia-villa.gr\/wp-content\/uploads\/2016\/06\/armonia_logo-1.png\",\"contentUrl\":\"https:\/\/armonia-villa.gr\/wp-content\/uploads\/2016\/06\/armonia_logo-1.png\",\"width\":300,\"height\":274,\"caption\":\"Villa Armonia boutique living\"},\"image\":{\"@id\":\"http:\/\/armonia-villa.gr\/#\/schema\/logo\/image\/\"},\"sameAs\":[\"https:\/\/www.facebook.com\/Villa-Armonia-Boutique-Living-787949948002412\/\"]}]}<\/script>\n<!-- \/ Yoast SEO plugin. -->","yoast_head_json":{"title":"Vila Armonia, Drakona, Keramia, Chania - Our Vila","description":"Villa Armonia Boutique Living spans in two levels and can accommodate 8 people. There are 4 bedrooms of which two are with double beds and...","robots":{"index":"index","follow":"follow","max-snippet":"max-snippet:-1","max-image-preview":"max-image-preview:large","max-video-preview":"max-video-preview:-1"},"canonical":"https:\/\/armonia-villa.gr\/it\/our-villa\/","og_locale":"fr_FR","og_type":"article","og_title":"Vila Armonia, Drakona, Keramia, Chania - Our Vila","og_description":"Villa Armonia Boutique Living spans in two levels and can accommodate 8 people. There are 4 bedrooms of which two are with double beds and...","og_url":"https:\/\/armonia-villa.gr\/it\/our-villa\/","og_site_name":"Villa Armonia","article_publisher":"https:\/\/www.facebook.com\/Villa-Armonia-Boutique-Living-787949948002412\/","article_modified_time":"2019-02-27T17:55:48+00:00","og_image":[{"url":"http:\/\/armonia-villa.gr\/wp-content\/uploads\/2016\/06\/1st-floor-1024x839.jpg","type":"","width":"","height":""}],"twitter_card":"summary_large_image","twitter_misc":{"Dur\u00e9e de lecture estim\u00e9e":"4 minutes"},"schema":{"@context":"https:\/\/schema.org","@graph":[{"@type":"WebPage","@id":"https:\/\/armonia-villa.gr\/it\/our-villa\/","url":"https:\/\/armonia-villa.gr\/it\/our-villa\/","name":"Vila Armonia, Drakona, Keramia, Chania - Our Vila","isPartOf":{"@id":"http:\/\/armonia-villa.gr\/#website"},"primaryImageOfPage":{"@id":"https:\/\/armonia-villa.gr\/it\/our-villa\/#primaryimage"},"image":{"@id":"https:\/\/armonia-villa.gr\/it\/our-villa\/#primaryimage"},"thumbnailUrl":"http:\/\/armonia-villa.gr\/wp-content\/uploads\/2016\/06\/1st-floor-1024x839.jpg","datePublished":"2016-06-05T06:27:15+00:00","dateModified":"2019-02-27T17:55:48+00:00","description":"Villa Armonia Boutique Living spans in two levels and can accommodate 8 people. There are 4 bedrooms of which two are with double beds and...","breadcrumb":{"@id":"https:\/\/armonia-villa.gr\/it\/our-villa\/#breadcrumb"},"inLanguage":"fr-FR","potentialAction":[{"@type":"ReadAction","target":["https:\/\/armonia-villa.gr\/it\/our-villa\/"]}]},{"@type":"ImageObject","inLanguage":"fr-FR","@id":"https:\/\/armonia-villa.gr\/it\/our-villa\/#primaryimage","url":"http:\/\/armonia-villa.gr\/wp-content\/uploads\/2016\/06\/1st-floor-1024x839.jpg","contentUrl":"http:\/\/armonia-villa.gr\/wp-content\/uploads\/2016\/06\/1st-floor-1024x839.jpg"},{"@type":"BreadcrumbList","@id":"https:\/\/armonia-villa.gr\/it\/our-villa\/#breadcrumb","itemListElement":[{"@type":"ListItem","position":1,"name":"Home","item":"http:\/\/armonia-villa.gr\/"},{"@type":"ListItem","position":2,"name":"Armonia"}]},{"@type":"WebSite","@id":"http:\/\/armonia-villa.gr\/#website","url":"http:\/\/armonia-villa.gr\/","name":"Villa Armonia","description":"Boutique Living","publisher":{"@id":"http:\/\/armonia-villa.gr\/#organization"},"potentialAction":[{"@type":"SearchAction","target":{"@type":"EntryPoint","urlTemplate":"http:\/\/armonia-villa.gr\/?s={search_term_string}"},"query-input":{"@type":"PropertyValueSpecification","valueRequired":true,"valueName":"search_term_string"}}],"inLanguage":"fr-FR"},{"@type":"Organization","@id":"http:\/\/armonia-villa.gr\/#organization","name":"Villa Armonia boutique living","url":"http:\/\/armonia-villa.gr\/","logo":{"@type":"ImageObject","inLanguage":"fr-FR","@id":"http:\/\/armonia-villa.gr\/#\/schema\/logo\/image\/","url":"https:\/\/armonia-villa.gr\/wp-content\/uploads\/2016\/06\/armonia_logo-1.png","contentUrl":"https:\/\/armonia-villa.gr\/wp-content\/uploads\/2016\/06\/armonia_logo-1.png","width":300,"height":274,"caption":"Villa Armonia boutique living"},"image":{"@id":"http:\/\/armonia-villa.gr\/#\/schema\/logo\/image\/"},"sameAs":["https:\/\/www.facebook.com\/Villa-Armonia-Boutique-Living-787949948002412\/"]}]}},"_links":{"self":[{"href":"https:\/\/armonia-villa.gr\/fr\/wp-json\/wp\/v2\/pages\/423","targetHints":{"allow":["GET"]}}],"collection":[{"href":"https:\/\/armonia-villa.gr\/fr\/wp-json\/wp\/v2\/pages"}],"about":[{"href":"https:\/\/armonia-villa.gr\/fr\/wp-json\/wp\/v2\/types\/page"}],"author":[{"embeddable":true,"href":"https:\/\/armonia-villa.gr\/fr\/wp-json\/wp\/v2\/users\/1"}],"replies":[{"embeddable":true,"href":"https:\/\/armonia-villa.gr\/fr\/wp-json\/wp\/v2\/comments?post=423"}],"version-history":[{"count":17,"href":"https:\/\/armonia-villa.gr\/fr\/wp-json\/wp\/v2\/pages\/423\/revisions"}],"predecessor-version":[{"id":690,"href":"https:\/\/armonia-villa.gr\/fr\/wp-json\/wp\/v2\/pages\/423\/revisions\/690"}],"wp:attachment":[{"href":"https:\/\/armonia-villa.gr\/fr\/wp-json\/wp\/v2\/media?parent=423"}],"curies":[{"name":"wp","href":"https:\/\/api.w.org\/{rel}","templated":true}]}}