{"id":426,"date":"2016-06-06T11:26:08","date_gmt":"2016-06-06T11:26:08","guid":{"rendered":"http:\/\/armonia-villa.gr\/?page_id=66"},"modified":"2019-01-11T11:17:44","modified_gmt":"2019-01-11T11:17:44","slug":"location","status":"publish","type":"page","link":"https:\/\/armonia-villa.gr\/fr\/location\/","title":{"rendered":"Localit\u00e9"},"content":{"rendered":"<p>La <strong>Villa Armonia Boutique Living<\/strong> mesure 180 m\u00b2 et elle est situ\u00e9e au pied des <strong>Montagnes Blanches<\/strong> \u00e0 <strong>Drakona, Keramia<\/strong> \u00e0 une altitude de 499m.<\/p>\n<p>Elle est situ\u00e9e \u00e0 20 km du centre de la ville de <strong>Chania<\/strong>,<br \/>\n32,5 km de l&rsquo;<strong>a\u00e9roport<\/strong>,<br \/>\n20,5 km du port de <strong>Souda<\/strong> (le plus grand port naturel de la M\u00e9diterran\u00e9e) et<br \/>\npr\u00e8s de <strong>plages populaires<\/strong> comme <strong>Falasarna, Platania, Agia Marina, Stalos, Gerani, Nea Chora, Marathi, Kolimbari, Balos<\/strong><\/p>\n<p>Entour\u00e9e d&rsquo;un paysage de verdure luxuriante elle cr\u00e9e cohexistance de doutes les conditions pour ceux qui veulent se <strong>detendre pendant leurs vacances<\/strong>. <\/p>\n<p>\u00c0 distance de marche se trouve la taverne \u00ab<a href=\"http:\/\/www.tzaneris-archontissa.gr\/en\" rel=\"noopener\" target=\"_blank\">Tzaneris et Archontissa<\/a>\u201d ainsi que la taverne \u00ab<a href=\"http:\/\/www.ntounias.gr\/\" target=\"_blank\">Dounias<\/a>\u00bb qui propose de <strong>magnifiques plats traditionnels<\/strong> avec des produits locaux pr\u00e9par\u00e9s avec des simples recettes traditionnels (dans le four et au moyen de cuisson traditionnel de Cr\u00e8te la \u2018Parasia\u2019).<\/p>\n<p>\u00c0 20 km de distance, il y a aussi de <strong>belles plages<\/strong> pour ceux qui veulent profiter de la <strong>mer<\/strong>.<\/p>\n<p>Il est essentiel de louer une voiture pour faciliter vos transports.<\/p>\n<p><center><iframe loading=\"lazy\" src=\"https:\/\/www.google.com\/maps\/d\/u\/0\/embed?mid=1-ZyAOmd_1S9X8TH4b1vn-DU2lG8&#038;z=10\" width=\"850\" height=\"480\"><\/iframe><\/center><\/p>","protected":false},"excerpt":{"rendered":"<p>La Villa Armonia Boutique Living mesure 180 m\u00b2 et elle est situ\u00e9e au pied des Montagnes Blanches \u00e0 Drakona, Keramia \u00e0 une altitude de 499m. Elle est situ\u00e9e \u00e0 20 km du centre de la ville de Chania, 32,5 km de l&rsquo;a\u00e9roport, 20,5 km du port de Souda (le plus grand port naturel de la [&hellip;]<\/p>\n","protected":false},"author":1,"featured_media":0,"parent":0,"menu_order":0,"comment_status":"closed","ping_status":"closed","template":"template-fullwidth.php","meta":{"footnotes":""},"class_list":["post-426","page","type-page","status-publish","hentry"],"yoast_head":"<!-- This site is optimized with the Yoast SEO plugin v27.1.1 - https:\/\/yoast.com\/product\/yoast-seo-wordpress\/ -->\n<title>Vila Armonia, Drakona, Keramia, Chania, Crete - Location<\/title>\n<meta name=\"description\" content=\"Villa Armonia Boutique Living is 180 sq.m. located at the foot of the White Mountains in Drakona Keramia in Chania Crtete, at an altitude of 499m.\" \/>\n<meta name=\"robots\" content=\"index, follow, max-snippet:-1, max-image-preview:large, max-video-preview:-1\" \/>\n<link rel=\"canonical\" href=\"https:\/\/armonia-villa.gr\/en\/location\/\" \/>\n<meta property=\"og:locale\" content=\"fr_FR\" \/>\n<meta property=\"og:type\" content=\"article\" \/>\n<meta property=\"og:title\" content=\"Vila Armonia, Drakona, Keramia, Chania, Crete - Location\" \/>\n<meta property=\"og:description\" content=\"Villa Armonia Boutique Living is 180 sq.m. located at the foot of the White Mountains in Drakona Keramia in Chania Crtete, at an altitude of 499m.\" \/>\n<meta property=\"og:url\" content=\"https:\/\/armonia-villa.gr\/en\/location\/\" \/>\n<meta property=\"og:site_name\" content=\"Villa Armonia\" \/>\n<meta property=\"article:publisher\" content=\"https:\/\/www.facebook.com\/Villa-Armonia-Boutique-Living-787949948002412\/\" \/>\n<meta property=\"article:modified_time\" content=\"2019-01-11T11:17:44+00:00\" \/>\n<meta name=\"twitter:card\" content=\"summary_large_image\" \/>\n<meta name=\"twitter:label1\" content=\"Dur\u00e9e de lecture estim\u00e9e\" \/>\n\t<meta name=\"twitter:data1\" content=\"3 minutes\" \/>\n<script type=\"application\/ld+json\" class=\"yoast-schema-graph\">{\"@context\":\"https:\/\/schema.org\",\"@graph\":[{\"@type\":\"WebPage\",\"@id\":\"https:\/\/armonia-villa.gr\/en\/location\/\",\"url\":\"https:\/\/armonia-villa.gr\/en\/location\/\",\"name\":\"Vila Armonia, Drakona, Keramia, Chania, Crete - Location\",\"isPartOf\":{\"@id\":\"http:\/\/armonia-villa.gr\/#website\"},\"datePublished\":\"2016-06-06T11:26:08+00:00\",\"dateModified\":\"2019-01-11T11:17:44+00:00\",\"description\":\"Villa Armonia Boutique Living is 180 sq.m. located at the foot of the White Mountains in Drakona Keramia in Chania Crtete, at an altitude of 499m.\",\"breadcrumb\":{\"@id\":\"https:\/\/armonia-villa.gr\/en\/location\/#breadcrumb\"},\"inLanguage\":\"fr-FR\",\"potentialAction\":[{\"@type\":\"ReadAction\",\"target\":[\"https:\/\/armonia-villa.gr\/en\/location\/\"]}]},{\"@type\":\"BreadcrumbList\",\"@id\":\"https:\/\/armonia-villa.gr\/en\/location\/#breadcrumb\",\"itemListElement\":[{\"@type\":\"ListItem\",\"position\":1,\"name\":\"Home\",\"item\":\"http:\/\/armonia-villa.gr\/\"},{\"@type\":\"ListItem\",\"position\":2,\"name\":\"Location\"}]},{\"@type\":\"WebSite\",\"@id\":\"http:\/\/armonia-villa.gr\/#website\",\"url\":\"http:\/\/armonia-villa.gr\/\",\"name\":\"Villa Armonia\",\"description\":\"Boutique Living\",\"publisher\":{\"@id\":\"http:\/\/armonia-villa.gr\/#organization\"},\"potentialAction\":[{\"@type\":\"SearchAction\",\"target\":{\"@type\":\"EntryPoint\",\"urlTemplate\":\"http:\/\/armonia-villa.gr\/?s={search_term_string}\"},\"query-input\":{\"@type\":\"PropertyValueSpecification\",\"valueRequired\":true,\"valueName\":\"search_term_string\"}}],\"inLanguage\":\"fr-FR\"},{\"@type\":\"Organization\",\"@id\":\"http:\/\/armonia-villa.gr\/#organization\",\"name\":\"Villa Armonia boutique living\",\"url\":\"http:\/\/armonia-villa.gr\/\",\"logo\":{\"@type\":\"ImageObject\",\"inLanguage\":\"fr-FR\",\"@id\":\"http:\/\/armonia-villa.gr\/#\/schema\/logo\/image\/\",\"url\":\"https:\/\/armonia-villa.gr\/wp-content\/uploads\/2016\/06\/armonia_logo-1.png\",\"contentUrl\":\"https:\/\/armonia-villa.gr\/wp-content\/uploads\/2016\/06\/armonia_logo-1.png\",\"width\":300,\"height\":274,\"caption\":\"Villa Armonia boutique living\"},\"image\":{\"@id\":\"http:\/\/armonia-villa.gr\/#\/schema\/logo\/image\/\"},\"sameAs\":[\"https:\/\/www.facebook.com\/Villa-Armonia-Boutique-Living-787949948002412\/\"]}]}<\/script>\n<!-- \/ Yoast SEO plugin. -->","yoast_head_json":{"title":"Vila Armonia, Drakona, Keramia, Chania, Crete - Location","description":"Villa Armonia Boutique Living is 180 sq.m. located at the foot of the White Mountains in Drakona Keramia in Chania Crtete, at an altitude of 499m.","robots":{"index":"index","follow":"follow","max-snippet":"max-snippet:-1","max-image-preview":"max-image-preview:large","max-video-preview":"max-video-preview:-1"},"canonical":"https:\/\/armonia-villa.gr\/en\/location\/","og_locale":"fr_FR","og_type":"article","og_title":"Vila Armonia, Drakona, Keramia, Chania, Crete - Location","og_description":"Villa Armonia Boutique Living is 180 sq.m. located at the foot of the White Mountains in Drakona Keramia in Chania Crtete, at an altitude of 499m.","og_url":"https:\/\/armonia-villa.gr\/en\/location\/","og_site_name":"Villa Armonia","article_publisher":"https:\/\/www.facebook.com\/Villa-Armonia-Boutique-Living-787949948002412\/","article_modified_time":"2019-01-11T11:17:44+00:00","twitter_card":"summary_large_image","twitter_misc":{"Dur\u00e9e de lecture estim\u00e9e":"3 minutes"},"schema":{"@context":"https:\/\/schema.org","@graph":[{"@type":"WebPage","@id":"https:\/\/armonia-villa.gr\/en\/location\/","url":"https:\/\/armonia-villa.gr\/en\/location\/","name":"Vila Armonia, Drakona, Keramia, Chania, Crete - Location","isPartOf":{"@id":"http:\/\/armonia-villa.gr\/#website"},"datePublished":"2016-06-06T11:26:08+00:00","dateModified":"2019-01-11T11:17:44+00:00","description":"Villa Armonia Boutique Living is 180 sq.m. located at the foot of the White Mountains in Drakona Keramia in Chania Crtete, at an altitude of 499m.","breadcrumb":{"@id":"https:\/\/armonia-villa.gr\/en\/location\/#breadcrumb"},"inLanguage":"fr-FR","potentialAction":[{"@type":"ReadAction","target":["https:\/\/armonia-villa.gr\/en\/location\/"]}]},{"@type":"BreadcrumbList","@id":"https:\/\/armonia-villa.gr\/en\/location\/#breadcrumb","itemListElement":[{"@type":"ListItem","position":1,"name":"Home","item":"http:\/\/armonia-villa.gr\/"},{"@type":"ListItem","position":2,"name":"Location"}]},{"@type":"WebSite","@id":"http:\/\/armonia-villa.gr\/#website","url":"http:\/\/armonia-villa.gr\/","name":"Villa Armonia","description":"Boutique Living","publisher":{"@id":"http:\/\/armonia-villa.gr\/#organization"},"potentialAction":[{"@type":"SearchAction","target":{"@type":"EntryPoint","urlTemplate":"http:\/\/armonia-villa.gr\/?s={search_term_string}"},"query-input":{"@type":"PropertyValueSpecification","valueRequired":true,"valueName":"search_term_string"}}],"inLanguage":"fr-FR"},{"@type":"Organization","@id":"http:\/\/armonia-villa.gr\/#organization","name":"Villa Armonia boutique living","url":"http:\/\/armonia-villa.gr\/","logo":{"@type":"ImageObject","inLanguage":"fr-FR","@id":"http:\/\/armonia-villa.gr\/#\/schema\/logo\/image\/","url":"https:\/\/armonia-villa.gr\/wp-content\/uploads\/2016\/06\/armonia_logo-1.png","contentUrl":"https:\/\/armonia-villa.gr\/wp-content\/uploads\/2016\/06\/armonia_logo-1.png","width":300,"height":274,"caption":"Villa Armonia boutique living"},"image":{"@id":"http:\/\/armonia-villa.gr\/#\/schema\/logo\/image\/"},"sameAs":["https:\/\/www.facebook.com\/Villa-Armonia-Boutique-Living-787949948002412\/"]}]}},"_links":{"self":[{"href":"https:\/\/armonia-villa.gr\/fr\/wp-json\/wp\/v2\/pages\/426","targetHints":{"allow":["GET"]}}],"collection":[{"href":"https:\/\/armonia-villa.gr\/fr\/wp-json\/wp\/v2\/pages"}],"about":[{"href":"https:\/\/armonia-villa.gr\/fr\/wp-json\/wp\/v2\/types\/page"}],"author":[{"embeddable":true,"href":"https:\/\/armonia-villa.gr\/fr\/wp-json\/wp\/v2\/users\/1"}],"replies":[{"embeddable":true,"href":"https:\/\/armonia-villa.gr\/fr\/wp-json\/wp\/v2\/comments?post=426"}],"version-history":[{"count":17,"href":"https:\/\/armonia-villa.gr\/fr\/wp-json\/wp\/v2\/pages\/426\/revisions"}],"predecessor-version":[{"id":692,"href":"https:\/\/armonia-villa.gr\/fr\/wp-json\/wp\/v2\/pages\/426\/revisions\/692"}],"wp:attachment":[{"href":"https:\/\/armonia-villa.gr\/fr\/wp-json\/wp\/v2\/media?parent=426"}],"curies":[{"name":"wp","href":"https:\/\/api.w.org\/{rel}","templated":true}]}}